{"id":1492,"date":"2022-12-04T20:18:01","date_gmt":"2022-12-04T20:18:01","guid":{"rendered":"http:\/\/residence-arcades.com\/?page_id=1492"},"modified":"2022-12-05T06:07:39","modified_gmt":"2022-12-05T06:07:39","slug":"gallery","status":"publish","type":"page","link":"https:\/\/residence-arcades.com\/english\/gallery\/","title":{"rendered":"Gallery"},"content":{"rendered":"\n\t\t<div id='gallery-1' class='gallery galleryid-1492 gallery-columns-3 gallery-size-medium'><div class='gallery-item'><div class='gallery-icon'><a href=\"https:\/\/residence-arcades.com\/english\/wp-content\/uploads\/sites\/2\/2017\/05\/slide11.jpg\" data-gal=\"prettyPhoto[gallery-1]\" title=\"\"><img decoding=\"async\" src=\"https:\/\/residence-arcades.com\/english\/wp-content\/uploads\/sites\/2\/2017\/05\/slide11.jpg\" alt=\"\" \/><\/a><\/div>\n\t\t\t\t<div class='wp-caption-text gallery-caption'>\n\t\t\t\tR\u00e9sidence Les Arcades\n\t\t\t\t<\/div><\/div><div class='gallery-item'><div class='gallery-icon'><a href=\"https:\/\/residence-arcades.com\/english\/wp-content\/uploads\/sites\/2\/2017\/05\/slide12.jpg\" data-gal=\"prettyPhoto[gallery-1]\" title=\"\"><img decoding=\"async\" src=\"https:\/\/residence-arcades.com\/english\/wp-content\/uploads\/sites\/2\/2017\/05\/slide12.jpg\" alt=\"\" \/><\/a><\/div>\n\t\t\t\t<div class='wp-caption-text gallery-caption'>\n\t\t\t\tEntr\u00e9e de l&#8217;immeuble\n\t\t\t\t<\/div><\/div><div class='gallery-item'><div class='gallery-icon'><a href=\"https:\/\/residence-arcades.com\/english\/wp-content\/uploads\/sites\/2\/2017\/05\/slide10.jpg\" data-gal=\"prettyPhoto[gallery-1]\" title=\"\"><img decoding=\"async\" src=\"https:\/\/residence-arcades.com\/english\/wp-content\/uploads\/sites\/2\/2017\/05\/slide10.jpg\" alt=\"\" \/><\/a><\/div>\n\t\t\t\t<div class='wp-caption-text gallery-caption'>\n\t\t\t\tAccueil Les Arcades\n\t\t\t\t<\/div><\/div><div class='gallery-item'><div class='gallery-icon'><a href=\"https:\/\/residence-arcades.com\/english\/wp-content\/uploads\/sites\/2\/2017\/05\/slide19.jpg\" data-gal=\"prettyPhoto[gallery-1]\" title=\"\"><img decoding=\"async\" src=\"https:\/\/residence-arcades.com\/english\/wp-content\/uploads\/sites\/2\/2017\/05\/slide19.jpg\" alt=\"\" \/><\/a><\/div>\n\t\t\t\t<div class='wp-caption-text gallery-caption'>\n\t\t\t\tSalon Spacieux\n\t\t\t\t<\/div><\/div><div class='gallery-item'><div class='gallery-icon'><a href=\"https:\/\/residence-arcades.com\/english\/wp-content\/uploads\/sites\/2\/2017\/05\/slide18.jpg\" data-gal=\"prettyPhoto[gallery-1]\" title=\"\"><img decoding=\"async\" src=\"https:\/\/residence-arcades.com\/english\/wp-content\/uploads\/sites\/2\/2017\/05\/slide18.jpg\" alt=\"\" \/><\/a><\/div>\n\t\t\t\t<div class='wp-caption-text gallery-caption'>\n\t\t\t\tEntr\u00e9e Appartement\n\t\t\t\t<\/div><\/div><div class='gallery-item'><div class='gallery-icon'><a href=\"https:\/\/residence-arcades.com\/english\/wp-content\/uploads\/sites\/2\/2017\/05\/slide17.jpg\" data-gal=\"prettyPhoto[gallery-1]\" title=\"\"><img decoding=\"async\" src=\"https:\/\/residence-arcades.com\/english\/wp-content\/uploads\/sites\/2\/2017\/05\/slide17.jpg\" alt=\"\" \/><\/a><\/div>\n\t\t\t\t<div class='wp-caption-text gallery-caption'>\n\t\t\t\tVue Cuisine\n\t\t\t\t<\/div><\/div><div class='gallery-item'><div class='gallery-icon'><a href=\"https:\/\/residence-arcades.com\/english\/wp-content\/uploads\/sites\/2\/2017\/05\/slide16.jpg\" data-gal=\"prettyPhoto[gallery-1]\" title=\"\"><img decoding=\"async\" src=\"https:\/\/residence-arcades.com\/english\/wp-content\/uploads\/sites\/2\/2017\/05\/slide16.jpg\" alt=\"\" \/><\/a><\/div>\n\t\t\t\t<div class='wp-caption-text gallery-caption'>\n\t\t\t\tSalle \u00e0 manger\n\t\t\t\t<\/div><\/div><div class='gallery-item'><div class='gallery-icon'><a href=\"https:\/\/residence-arcades.com\/english\/wp-content\/uploads\/sites\/2\/2017\/05\/slide15.jpg\" data-gal=\"prettyPhoto[gallery-1]\" title=\"\"><img decoding=\"async\" src=\"https:\/\/residence-arcades.com\/english\/wp-content\/uploads\/sites\/2\/2017\/05\/slide15.jpg\" alt=\"\" \/><\/a><\/div>\n\t\t\t\t<div class='wp-caption-text gallery-caption'>\n\t\t\t\tSalle \u00e0 manger\n\t\t\t\t<\/div><\/div><div class='gallery-item'><div class='gallery-icon'><a href=\"https:\/\/residence-arcades.com\/english\/wp-content\/uploads\/sites\/2\/2017\/05\/slide14.jpg\" data-gal=\"prettyPhoto[gallery-1]\" title=\"\"><img decoding=\"async\" src=\"https:\/\/residence-arcades.com\/english\/wp-content\/uploads\/sites\/2\/2017\/05\/slide14.jpg\" alt=\"\" \/><\/a><\/div>\n\t\t\t\t<div class='wp-caption-text gallery-caption'>\n\t\t\t\tChambre Studio\n\t\t\t\t<\/div><\/div><div class='gallery-item'><div class='gallery-icon'><a href=\"https:\/\/residence-arcades.com\/english\/wp-content\/uploads\/sites\/2\/2017\/05\/slide8.jpg\" data-gal=\"prettyPhoto[gallery-1]\" title=\"\"><img decoding=\"async\" src=\"https:\/\/residence-arcades.com\/english\/wp-content\/uploads\/sites\/2\/2017\/05\/slide8.jpg\" alt=\"\" \/><\/a><\/div>\n\t\t\t\t<div class='wp-caption-text gallery-caption'>\n\t\t\t\tChambre grand confort\n\t\t\t\t<\/div><\/div><div class='gallery-item'><div class='gallery-icon'><a href=\"https:\/\/residence-arcades.com\/english\/wp-content\/uploads\/sites\/2\/2017\/05\/slide9.jpg\" data-gal=\"prettyPhoto[gallery-1]\" title=\"\"><img decoding=\"async\" src=\"https:\/\/residence-arcades.com\/english\/wp-content\/uploads\/sites\/2\/2017\/05\/slide9.jpg\" alt=\"\" \/><\/a><\/div>\n\t\t\t\t<div class='wp-caption-text gallery-caption'>\n\t\t\t\tChambre Appartement\n\t\t\t\t<\/div><\/div><div class='gallery-item'><div class='gallery-icon'><a href=\"https:\/\/residence-arcades.com\/english\/wp-content\/uploads\/sites\/2\/2017\/05\/slide13.jpg\" data-gal=\"prettyPhoto[gallery-1]\" title=\"\"><img decoding=\"async\" src=\"https:\/\/residence-arcades.com\/english\/wp-content\/uploads\/sites\/2\/2017\/05\/slide13.jpg\" alt=\"\" \/><\/a><\/div>\n\t\t\t\t<div class='wp-caption-text gallery-caption'>\n\t\t\t\tSalon Appartement\n\t\t\t\t<\/div><\/div><div class='gallery-item'><div class='gallery-icon'><a href=\"https:\/\/residence-arcades.com\/english\/wp-content\/uploads\/sites\/2\/2013\/10\/slide7.jpg\" data-gal=\"prettyPhoto[gallery-1]\" title=\"\"><img decoding=\"async\" src=\"https:\/\/residence-arcades.com\/english\/wp-content\/uploads\/sites\/2\/2013\/10\/slide7.jpg\" alt=\"\" \/><\/a><\/div>\n\t\t\t\t<div class='wp-caption-text gallery-caption'>\n\t\t\t\tR\u00e9sidence meubl\u00e9e\n\t\t\t\t<\/div><\/div><div class='gallery-item'><div class='gallery-icon'><a href=\"https:\/\/residence-arcades.com\/english\/wp-content\/uploads\/sites\/2\/2013\/10\/slide5.jpg\" data-gal=\"prettyPhoto[gallery-1]\" title=\"\"><img decoding=\"async\" src=\"https:\/\/residence-arcades.com\/english\/wp-content\/uploads\/sites\/2\/2013\/10\/slide5.jpg\" alt=\"\" \/><\/a><\/div>\n\t\t\t\t<div class='wp-caption-text gallery-caption'>\n\t\t\t\tSalle de bain\n\t\t\t\t<\/div><\/div><div class='gallery-item'><div class='gallery-icon'><a href=\"https:\/\/residence-arcades.com\/english\/wp-content\/uploads\/sites\/2\/2013\/10\/slide4.jpg\" data-gal=\"prettyPhoto[gallery-1]\" title=\"\"><img decoding=\"async\" src=\"https:\/\/residence-arcades.com\/english\/wp-content\/uploads\/sites\/2\/2013\/10\/slide4.jpg\" alt=\"\" \/><\/a><\/div>\n\t\t\t\t<div class='wp-caption-text gallery-caption'>\n\t\t\t\tSalon climatis\u00e9\n\t\t\t\t<\/div><\/div><div class='gallery-item'><div class='gallery-icon'><a href=\"https:\/\/residence-arcades.com\/english\/wp-content\/uploads\/sites\/2\/2013\/10\/slide3.jpg\" data-gal=\"prettyPhoto[gallery-1]\" title=\"\"><img decoding=\"async\" src=\"https:\/\/residence-arcades.com\/english\/wp-content\/uploads\/sites\/2\/2013\/10\/slide3.jpg\" alt=\"\" \/><\/a><\/div>\n\t\t\t\t<div class='wp-caption-text gallery-caption'>\n\t\t\t\tAppartement de luxe\n\t\t\t\t<\/div><\/div><div class='gallery-item'><div class='gallery-icon'><a href=\"https:\/\/residence-arcades.com\/english\/wp-content\/uploads\/sites\/2\/2013\/10\/slide2.jpg\" data-gal=\"prettyPhoto[gallery-1]\" title=\"\"><img decoding=\"async\" src=\"https:\/\/residence-arcades.com\/english\/wp-content\/uploads\/sites\/2\/2013\/10\/slide2.jpg\" alt=\"\" \/><\/a><\/div>\n\t\t\t\t<div class='wp-caption-text gallery-caption'>\n\t\t\t\tChambre spacieuse\n\t\t\t\t<\/div><\/div><div class='gallery-item'><div class='gallery-icon'><a href=\"https:\/\/residence-arcades.com\/english\/wp-content\/uploads\/sites\/2\/2013\/10\/slide1-1.jpg\" data-gal=\"prettyPhoto[gallery-1]\" title=\"\"><img decoding=\"async\" src=\"https:\/\/residence-arcades.com\/english\/wp-content\/uploads\/sites\/2\/2013\/10\/slide1-1.jpg\" alt=\"\" \/><\/a><\/div>\n\t\t\t\t<div class='wp-caption-text gallery-caption'>\n\t\t\t\tGrande superficie\n\t\t\t\t<\/div><\/div>\n\t\t\t<br style='clear: both;' \/>\n\t\t<\/div>\n\n","protected":false},"excerpt":{"rendered":"R\u00e9sidence Les Arcades Entr\u00e9e de l&#8217;immeuble Accueil Les Arcades Salon Spacieux Entr\u00e9e Appartement Vue Cuisine Salle \u00e0 manger Salle \u00e0 manger Chambre Studio Chambre grand confort Chambre Appartement Salon Appartement R\u00e9sidence meubl\u00e9e Salle de bain Salon climatis\u00e9 Appartement de luxe Chambre spacieuse Grande superficie<a href=\"https:\/\/residence-arcades.com\/english\/gallery\/\" class=\"sohohotel-more-link\">Read More<\/a>","protected":false},"author":1,"featured_media":0,"parent":0,"menu_order":0,"comment_status":"closed","ping_status":"closed","template":"","meta":{"footnotes":""},"class_list":["post-1492","page","type-page","status-publish","hentry"],"yoast_head":"<!-- This site is optimized with the Yoast SEO plugin v27.4 - https:\/\/yoast.com\/product\/yoast-seo-wordpress\/ -->\n<title>Gallery - Residence Les Arcades<\/title>\n<meta name=\"description\" content=\"Rental Dakar Furnished apartments and studios in Dakar. The Residence Les Arcades in Dakar offers furnished rentals in Dakar.\" \/>\n<meta name=\"robots\" content=\"index, follow, max-snippet:-1, max-image-preview:large, max-video-preview:-1\" \/>\n<link rel=\"canonical\" href=\"https:\/\/residence-arcades.com\/english\/gallery\/\" \/>\n<meta property=\"og:locale\" content=\"en_US\" \/>\n<meta property=\"og:type\" content=\"article\" \/>\n<meta property=\"og:title\" content=\"Gallery - Residence Les Arcades\" \/>\n<meta property=\"og:description\" content=\"Rental Dakar Furnished apartments and studios in Dakar. The Residence Les Arcades in Dakar offers furnished rentals in Dakar.\" \/>\n<meta property=\"og:url\" content=\"https:\/\/residence-arcades.com\/english\/gallery\/\" \/>\n<meta property=\"og:site_name\" content=\"Residence Les Arcades\" \/>\n<meta property=\"article:modified_time\" content=\"2022-12-05T06:07:39+00:00\" \/>\n<meta property=\"og:image\" content=\"https:\/\/residence-arcades.com\/english\/wp-content\/uploads\/sites\/2\/2017\/05\/slide11.jpg\" \/>\n<meta name=\"twitter:card\" content=\"summary_large_image\" \/>\n<meta name=\"twitter:label1\" content=\"Est. reading time\" \/>\n\t<meta name=\"twitter:data1\" content=\"1 minute\" \/>\n<script type=\"application\/ld+json\" class=\"yoast-schema-graph\">{\"@context\":\"https:\\\/\\\/schema.org\",\"@graph\":[{\"@type\":\"WebPage\",\"@id\":\"https:\\\/\\\/residence-arcades.com\\\/english\\\/gallery\\\/\",\"url\":\"https:\\\/\\\/residence-arcades.com\\\/english\\\/gallery\\\/\",\"name\":\"Gallery - Residence Les Arcades\",\"isPartOf\":{\"@id\":\"https:\\\/\\\/residence-arcades.com\\\/english\\\/#website\"},\"datePublished\":\"2022-12-04T20:18:01+00:00\",\"dateModified\":\"2022-12-05T06:07:39+00:00\",\"description\":\"Rental Dakar Furnished apartments and studios in Dakar. The Residence Les Arcades in Dakar offers furnished rentals in Dakar.\",\"breadcrumb\":{\"@id\":\"https:\\\/\\\/residence-arcades.com\\\/english\\\/gallery\\\/#breadcrumb\"},\"inLanguage\":\"en-US\",\"potentialAction\":[{\"@type\":\"ReadAction\",\"target\":[\"https:\\\/\\\/residence-arcades.com\\\/english\\\/gallery\\\/\"]}]},{\"@type\":\"BreadcrumbList\",\"@id\":\"https:\\\/\\\/residence-arcades.com\\\/english\\\/gallery\\\/#breadcrumb\",\"itemListElement\":[{\"@type\":\"ListItem\",\"position\":1,\"name\":\"Accueil\",\"item\":\"https:\\\/\\\/residence-arcades.com\\\/english\\\/\"},{\"@type\":\"ListItem\",\"position\":2,\"name\":\"Gallery\"}]},{\"@type\":\"WebSite\",\"@id\":\"https:\\\/\\\/residence-arcades.com\\\/english\\\/#website\",\"url\":\"https:\\\/\\\/residence-arcades.com\\\/english\\\/\",\"name\":\"Residence Les Arcades\",\"description\":\"Appart&#039;Hotel Dakar\",\"potentialAction\":[{\"@type\":\"SearchAction\",\"target\":{\"@type\":\"EntryPoint\",\"urlTemplate\":\"https:\\\/\\\/residence-arcades.com\\\/english\\\/?s={search_term_string}\"},\"query-input\":{\"@type\":\"PropertyValueSpecification\",\"valueRequired\":true,\"valueName\":\"search_term_string\"}}],\"inLanguage\":\"en-US\"}]}<\/script>\n<!-- \/ Yoast SEO plugin. -->","yoast_head_json":{"title":"Gallery - Residence Les Arcades","description":"Rental Dakar Furnished apartments and studios in Dakar. The Residence Les Arcades in Dakar offers furnished rentals in Dakar.","robots":{"index":"index","follow":"follow","max-snippet":"max-snippet:-1","max-image-preview":"max-image-preview:large","max-video-preview":"max-video-preview:-1"},"canonical":"https:\/\/residence-arcades.com\/english\/gallery\/","og_locale":"en_US","og_type":"article","og_title":"Gallery - Residence Les Arcades","og_description":"Rental Dakar Furnished apartments and studios in Dakar. The Residence Les Arcades in Dakar offers furnished rentals in Dakar.","og_url":"https:\/\/residence-arcades.com\/english\/gallery\/","og_site_name":"Residence Les Arcades","article_modified_time":"2022-12-05T06:07:39+00:00","og_image":[{"url":"https:\/\/residence-arcades.com\/english\/wp-content\/uploads\/sites\/2\/2017\/05\/slide11.jpg","type":"","width":"","height":""}],"twitter_card":"summary_large_image","twitter_misc":{"Est. reading time":"1 minute"},"schema":{"@context":"https:\/\/schema.org","@graph":[{"@type":"WebPage","@id":"https:\/\/residence-arcades.com\/english\/gallery\/","url":"https:\/\/residence-arcades.com\/english\/gallery\/","name":"Gallery - Residence Les Arcades","isPartOf":{"@id":"https:\/\/residence-arcades.com\/english\/#website"},"datePublished":"2022-12-04T20:18:01+00:00","dateModified":"2022-12-05T06:07:39+00:00","description":"Rental Dakar Furnished apartments and studios in Dakar. The Residence Les Arcades in Dakar offers furnished rentals in Dakar.","breadcrumb":{"@id":"https:\/\/residence-arcades.com\/english\/gallery\/#breadcrumb"},"inLanguage":"en-US","potentialAction":[{"@type":"ReadAction","target":["https:\/\/residence-arcades.com\/english\/gallery\/"]}]},{"@type":"BreadcrumbList","@id":"https:\/\/residence-arcades.com\/english\/gallery\/#breadcrumb","itemListElement":[{"@type":"ListItem","position":1,"name":"Accueil","item":"https:\/\/residence-arcades.com\/english\/"},{"@type":"ListItem","position":2,"name":"Gallery"}]},{"@type":"WebSite","@id":"https:\/\/residence-arcades.com\/english\/#website","url":"https:\/\/residence-arcades.com\/english\/","name":"Residence Les Arcades","description":"Appart&#039;Hotel Dakar","potentialAction":[{"@type":"SearchAction","target":{"@type":"EntryPoint","urlTemplate":"https:\/\/residence-arcades.com\/english\/?s={search_term_string}"},"query-input":{"@type":"PropertyValueSpecification","valueRequired":true,"valueName":"search_term_string"}}],"inLanguage":"en-US"}]}},"_links":{"self":[{"href":"https:\/\/residence-arcades.com\/english\/wp-json\/wp\/v2\/pages\/1492","targetHints":{"allow":["GET"]}}],"collection":[{"href":"https:\/\/residence-arcades.com\/english\/wp-json\/wp\/v2\/pages"}],"about":[{"href":"https:\/\/residence-arcades.com\/english\/wp-json\/wp\/v2\/types\/page"}],"author":[{"embeddable":true,"href":"https:\/\/residence-arcades.com\/english\/wp-json\/wp\/v2\/users\/1"}],"replies":[{"embeddable":true,"href":"https:\/\/residence-arcades.com\/english\/wp-json\/wp\/v2\/comments?post=1492"}],"version-history":[{"count":1,"href":"https:\/\/residence-arcades.com\/english\/wp-json\/wp\/v2\/pages\/1492\/revisions"}],"predecessor-version":[{"id":1877,"href":"https:\/\/residence-arcades.com\/english\/wp-json\/wp\/v2\/pages\/1492\/revisions\/1877"}],"wp:attachment":[{"href":"https:\/\/residence-arcades.com\/english\/wp-json\/wp\/v2\/media?parent=1492"}],"curies":[{"name":"wp","href":"https:\/\/api.w.org\/{rel}","templated":true}]}}